{"id":29246,"date":"2026-02-05T04:02:44","date_gmt":"2026-02-05T03:02:44","guid":{"rendered":"https:\/\/nexturen.com\/home\/?post_type=product&#038;p=29246"},"modified":"2026-03-17T23:58:39","modified_gmt":"2026-03-17T22:58:39","slug":"venus-code-06-light-and-contemporary-elegance","status":"publish","type":"product","link":"https:\/\/nexturen.com\/home\/fr\/produit\/venus-code-06-light-and-contemporary-elegance\/","title":{"rendered":"V\u00e9nus (Code 06) : \u00c9l\u00e9gance lumineuse et contemporaine"},"content":{"rendered":"<h2 data-start=\"5935\" data-end=\"5988\">V\u00e9nus (Code 06) : \u00c9l\u00e9gance lumineuse et contemporaine<\/h2>\n<p data-start=\"5989\" data-end=\"6229\">Venus est une porte int\u00e9rieure contemporaine \u00e0 l&#039;esth\u00e9tique raffin\u00e9e, con\u00e7ue pour sublimer les espaces gr\u00e2ce \u00e0 la lumi\u00e8re, l&#039;\u00e9quilibre et une impression de l\u00e9g\u00e8ret\u00e9. Sa finition blanc effet bois apporte texture et profondeur tout en conservant une apparence \u00e9pur\u00e9e et sophistiqu\u00e9e.<\/p>\n<h3 data-start=\"6231\" data-end=\"6249\">Caract\u00e9ristiques principales<\/h3>\n<ul data-start=\"6250\" data-end=\"6593\">\n<li data-start=\"6250\" data-end=\"6358\">\n<p data-start=\"6252\" data-end=\"6358\"><strong data-start=\"6252\" data-end=\"6281\">Style lumineux et raffin\u00e9\u00a0:<\/strong> La couleur claire amplifie la lumi\u00e8re naturelle, cr\u00e9ant des espaces a\u00e9r\u00e9s et \u00e9l\u00e9gants.<\/p>\n<\/li>\n<li data-start=\"6359\" data-end=\"6481\">\n<p data-start=\"6361\" data-end=\"6481\"><strong data-start=\"6361\" data-end=\"6393\">Mat\u00e9riau et finition \u00e9l\u00e9gante :<\/strong> Une surface uniforme \u00e0 l&#039;effet naturel qui enrichit les int\u00e9rieurs d&#039;une sophistication subtile.<\/p>\n<\/li>\n<li data-start=\"6482\" data-end=\"6593\">\n<p data-start=\"6484\" data-end=\"6593\"><strong data-start=\"6484\" data-end=\"6518\">Design contemporain essentiel :<\/strong> Des lignes \u00e9pur\u00e9es et une forme intemporelle, id\u00e9ales pour des int\u00e9rieurs modernes et harmonieux.<\/p>\n<\/li>\n<\/ul>","protected":false},"excerpt":{"rendered":"<p>Venus (Code 06)\u00a0: \u00c9l\u00e9gance lumineuse et contemporaine. Venus est une porte int\u00e9rieure contemporaine \u00e0 l\u2019esth\u00e9tique raffin\u00e9e, con\u00e7ue pour sublimer les espaces.<\/p>","protected":false},"featured_media":29149,"comment_status":"open","ping_status":"closed","template":"","meta":[],"product_brand":[],"product_cat":[33],"product_tag":[],"class_list":{"0":"post-29246","1":"product","2":"type-product","3":"status-publish","4":"has-post-thumbnail","6":"product_cat-doors","8":"first","9":"instock","10":"shipping-taxable","11":"product-type-simple"},"_links":{"self":[{"href":"https:\/\/nexturen.com\/home\/fr\/wp-json\/wp\/v2\/product\/29246","targetHints":{"allow":["GET"]}}],"collection":[{"href":"https:\/\/nexturen.com\/home\/fr\/wp-json\/wp\/v2\/product"}],"about":[{"href":"https:\/\/nexturen.com\/home\/fr\/wp-json\/wp\/v2\/types\/product"}],"replies":[{"embeddable":true,"href":"https:\/\/nexturen.com\/home\/fr\/wp-json\/wp\/v2\/comments?post=29246"}],"version-history":[{"count":1,"href":"https:\/\/nexturen.com\/home\/fr\/wp-json\/wp\/v2\/product\/29246\/revisions"}],"predecessor-version":[{"id":29247,"href":"https:\/\/nexturen.com\/home\/fr\/wp-json\/wp\/v2\/product\/29246\/revisions\/29247"}],"wp:featuredmedia":[{"embeddable":true,"href":"https:\/\/nexturen.com\/home\/fr\/wp-json\/wp\/v2\/media\/29149"}],"wp:attachment":[{"href":"https:\/\/nexturen.com\/home\/fr\/wp-json\/wp\/v2\/media?parent=29246"}],"wp:term":[{"taxonomy":"product_brand","embeddable":true,"href":"https:\/\/nexturen.com\/home\/fr\/wp-json\/wp\/v2\/product_brand?post=29246"},{"taxonomy":"product_cat","embeddable":true,"href":"https:\/\/nexturen.com\/home\/fr\/wp-json\/wp\/v2\/product_cat?post=29246"},{"taxonomy":"product_tag","embeddable":true,"href":"https:\/\/nexturen.com\/home\/fr\/wp-json\/wp\/v2\/product_tag?post=29246"}],"curies":[{"name":"wp","href":"https:\/\/api.w.org\/{rel}","templated":true}]}}