{"id":29244,"date":"2026-02-05T04:01:36","date_gmt":"2026-02-05T03:01:36","guid":{"rendered":"https:\/\/nexturen.com\/home\/?post_type=product&#038;p=29244"},"modified":"2026-03-18T00:13:20","modified_gmt":"2026-03-17T23:13:20","slug":"florence-code-09-contemporary-elegance","status":"publish","type":"product","link":"https:\/\/nexturen.com\/home\/fr\/produit\/florence-code-09-contemporary-elegance\/","title":{"rendered":"Florence (Code 09) : \u00c9l\u00e9gance contemporaine"},"content":{"rendered":"<h2 data-start=\"5058\" data-end=\"5104\">Florence (Code 09) : \u00c9l\u00e9gance contemporaine<\/h2>\n<p data-start=\"5105\" data-end=\"5354\">Florence est une porte contemporaine d&#039;une \u00e9l\u00e9gance discr\u00e8te, con\u00e7ue pour sublimer les espaces int\u00e9rieurs avec \u00e9quilibre et raffinement. Ses tons chauds et naturels ainsi que sa surface lisse et uniforme cr\u00e9ent une atmosph\u00e8re accueillante, id\u00e9ale pour les int\u00e9rieurs modernes et intemporels.<\/p>\n<h3 data-start=\"5356\" data-end=\"5374\">Caract\u00e9ristiques principales<\/h3>\n<ul data-start=\"5375\" data-end=\"5756\">\n<li data-start=\"5375\" data-end=\"5469\">\n<p data-start=\"5377\" data-end=\"5469\"><strong data-start=\"5377\" data-end=\"5407\">\u00c9l\u00e9gance chaleureuse et naturelle :<\/strong> Des teintes \u00e9quilibr\u00e9es qui offrent confort et continuit\u00e9 visuelle.<\/p>\n<\/li>\n<li data-start=\"5470\" data-end=\"5559\">\n<p data-start=\"5472\" data-end=\"5559\"><strong data-start=\"5472\" data-end=\"5491\">Finition raffin\u00e9e :<\/strong> Une surface de haute qualit\u00e9 \u00e0 l&#039;aspect \u00e9pur\u00e9 et sophistiqu\u00e9.<\/p>\n<\/li>\n<li data-start=\"5560\" data-end=\"5651\">\n<p data-start=\"5562\" data-end=\"5651\"><strong data-start=\"5562\" data-end=\"5596\">Design contemporain essentiel :<\/strong> Des lignes \u00e9pur\u00e9es et une forme minimaliste pour des espaces \u00e9l\u00e9gants.<\/p>\n<\/li>\n<li data-start=\"5652\" data-end=\"5756\">\n<p data-start=\"5654\" data-end=\"5756\"><strong data-start=\"5654\" data-end=\"5687\">Grande polyvalence d\u00e9corative :<\/strong> S&#039;int\u00e8gre parfaitement aux int\u00e9rieurs modernes, contemporains et minimalistes.<\/p>\n<\/li>\n<\/ul>\n<h3 data-start=\"5758\" data-end=\"5783\">Pourquoi choisir Florence ?<\/h3>\n<p data-start=\"5784\" data-end=\"5928\">Florence est plus qu&#039;une porte : c&#039;est un \u00e9l\u00e9ment architectural qui d\u00e9finit le caract\u00e8re d&#039;un espace, alliant \u00e9l\u00e9gance, \u00e9quilibre et personnalit\u00e9.<\/p>","protected":false},"excerpt":{"rendered":"<p>Florence (Code 09)\u00a0: \u00c9l\u00e9gance contemporaine. Florence est une porte contemporaine d&#039;une \u00e9l\u00e9gance discr\u00e8te, con\u00e7ue pour sublimer les espaces int\u00e9rieurs avec \u00e9quilibre.<\/p>","protected":false},"featured_media":29150,"comment_status":"open","ping_status":"closed","template":"","meta":[],"product_brand":[],"product_cat":[33],"product_tag":[],"class_list":{"0":"post-29244","1":"product","2":"type-product","3":"status-publish","4":"has-post-thumbnail","6":"product_cat-doors","8":"first","9":"instock","10":"featured","11":"shipping-taxable","12":"product-type-simple"},"_links":{"self":[{"href":"https:\/\/nexturen.com\/home\/fr\/wp-json\/wp\/v2\/product\/29244","targetHints":{"allow":["GET"]}}],"collection":[{"href":"https:\/\/nexturen.com\/home\/fr\/wp-json\/wp\/v2\/product"}],"about":[{"href":"https:\/\/nexturen.com\/home\/fr\/wp-json\/wp\/v2\/types\/product"}],"replies":[{"embeddable":true,"href":"https:\/\/nexturen.com\/home\/fr\/wp-json\/wp\/v2\/comments?post=29244"}],"version-history":[{"count":1,"href":"https:\/\/nexturen.com\/home\/fr\/wp-json\/wp\/v2\/product\/29244\/revisions"}],"predecessor-version":[{"id":29245,"href":"https:\/\/nexturen.com\/home\/fr\/wp-json\/wp\/v2\/product\/29244\/revisions\/29245"}],"wp:featuredmedia":[{"embeddable":true,"href":"https:\/\/nexturen.com\/home\/fr\/wp-json\/wp\/v2\/media\/29150"}],"wp:attachment":[{"href":"https:\/\/nexturen.com\/home\/fr\/wp-json\/wp\/v2\/media?parent=29244"}],"wp:term":[{"taxonomy":"product_brand","embeddable":true,"href":"https:\/\/nexturen.com\/home\/fr\/wp-json\/wp\/v2\/product_brand?post=29244"},{"taxonomy":"product_cat","embeddable":true,"href":"https:\/\/nexturen.com\/home\/fr\/wp-json\/wp\/v2\/product_cat?post=29244"},{"taxonomy":"product_tag","embeddable":true,"href":"https:\/\/nexturen.com\/home\/fr\/wp-json\/wp\/v2\/product_tag?post=29244"}],"curies":[{"name":"wp","href":"https:\/\/api.w.org\/{rel}","templated":true}]}}