{"id":29236,"date":"2026-02-05T03:56:48","date_gmt":"2026-02-05T02:56:48","guid":{"rendered":"https:\/\/nexturen.com\/home\/?post_type=product&#038;p=29236"},"modified":"2026-03-18T00:13:31","modified_gmt":"2026-03-17T23:13:31","slug":"gala-code-01-elegant-door-with-natural-wood-design","status":"publish","type":"product","link":"https:\/\/nexturen.com\/home\/fr\/produit\/gala-code-01-elegant-door-with-natural-wood-design\/","title":{"rendered":"Gala (Code 01)\u00a0: Porte \u00e9l\u00e9gante au design en bois naturel"},"content":{"rendered":"<h2 data-start=\"510\" data-end=\"568\">Gala (Code 01)\u00a0: Porte \u00e9l\u00e9gante au design en bois naturel<\/h2>\n<p data-start=\"569\" data-end=\"805\">Gala est une porte raffin\u00e9e et contemporaine con\u00e7ue pour sublimer tout espace avec style et une \u00e9l\u00e9gance discr\u00e8te. Sa finition en bois naturel clair, rehauss\u00e9e de veinures plus fonc\u00e9es, apporte profondeur, chaleur et caract\u00e8re, rendant chaque porte unique.<\/p>\n<h3 data-start=\"807\" data-end=\"825\">Caract\u00e9ristiques principales<\/h3>\n<ul data-start=\"826\" data-end=\"1248\">\n<li data-start=\"826\" data-end=\"950\">\n<p data-start=\"828\" data-end=\"950\"><strong data-start=\"828\" data-end=\"850\">\u00c9l\u00e9gance intemporelle :<\/strong> La teinte claire du bois illumine les int\u00e9rieurs et se marie parfaitement avec les environnements modernes et bien plus encore.<\/p>\n<\/li>\n<li data-start=\"951\" data-end=\"1048\">\n<p data-start=\"953\" data-end=\"1048\"><strong data-start=\"953\" data-end=\"972\">Fini velout\u00e9 :<\/strong> Doux au toucher, il offre une sensation de luxe discr\u00e8te et sophistiqu\u00e9e.<\/p>\n<\/li>\n<li data-start=\"1049\" data-end=\"1140\">\n<p data-start=\"1051\" data-end=\"1140\"><strong data-start=\"1051\" data-end=\"1071\">D\u00e9tails naturels :<\/strong> Les veines de bois plus fonc\u00e9es cr\u00e9ent un effet visuel raffin\u00e9 et distinctif.<\/p>\n<\/li>\n<li data-start=\"1141\" data-end=\"1248\">\n<p data-start=\"1143\" data-end=\"1248\"><strong data-start=\"1143\" data-end=\"1159\">Versatilit\u00e9:<\/strong> Id\u00e9al pour les maisons contemporaines, tout en s&#039;int\u00e9grant parfaitement aux int\u00e9rieurs plus classiques.<\/p>\n<\/li>\n<\/ul>\n<h3 data-start=\"1250\" data-end=\"1271\">Pourquoi choisir Gala ?<\/h3>\n<p data-start=\"1272\" data-end=\"1471\">Gala est bien plus qu&#039;une simple porte\u00a0: c&#039;est un \u00e9l\u00e9ment d\u00e9coratif qui m\u00e9tamorphose les espaces en alliant chaleur, \u00e9l\u00e9gance et modernit\u00e9. Id\u00e9al pour ceux qui recherchent la qualit\u00e9, le style et l&#039;originalit\u00e9 dans les moindres d\u00e9tails.<\/p>","protected":false},"excerpt":{"rendered":"<p>Gala (Code 01)\u00a0: Porte \u00e9l\u00e9gante en bois naturel. Gala est une porte raffin\u00e9e et contemporaine con\u00e7ue pour sublimer tout int\u00e9rieur.<\/p>","protected":false},"featured_media":29144,"comment_status":"open","ping_status":"closed","template":"","meta":[],"product_brand":[],"product_cat":[33],"product_tag":[],"class_list":{"0":"post-29236","1":"product","2":"type-product","3":"status-publish","4":"has-post-thumbnail","6":"product_cat-doors","8":"first","9":"instock","10":"featured","11":"shipping-taxable","12":"product-type-simple"},"_links":{"self":[{"href":"https:\/\/nexturen.com\/home\/fr\/wp-json\/wp\/v2\/product\/29236","targetHints":{"allow":["GET"]}}],"collection":[{"href":"https:\/\/nexturen.com\/home\/fr\/wp-json\/wp\/v2\/product"}],"about":[{"href":"https:\/\/nexturen.com\/home\/fr\/wp-json\/wp\/v2\/types\/product"}],"replies":[{"embeddable":true,"href":"https:\/\/nexturen.com\/home\/fr\/wp-json\/wp\/v2\/comments?post=29236"}],"version-history":[{"count":1,"href":"https:\/\/nexturen.com\/home\/fr\/wp-json\/wp\/v2\/product\/29236\/revisions"}],"predecessor-version":[{"id":29237,"href":"https:\/\/nexturen.com\/home\/fr\/wp-json\/wp\/v2\/product\/29236\/revisions\/29237"}],"wp:featuredmedia":[{"embeddable":true,"href":"https:\/\/nexturen.com\/home\/fr\/wp-json\/wp\/v2\/media\/29144"}],"wp:attachment":[{"href":"https:\/\/nexturen.com\/home\/fr\/wp-json\/wp\/v2\/media?parent=29236"}],"wp:term":[{"taxonomy":"product_brand","embeddable":true,"href":"https:\/\/nexturen.com\/home\/fr\/wp-json\/wp\/v2\/product_brand?post=29236"},{"taxonomy":"product_cat","embeddable":true,"href":"https:\/\/nexturen.com\/home\/fr\/wp-json\/wp\/v2\/product_cat?post=29236"},{"taxonomy":"product_tag","embeddable":true,"href":"https:\/\/nexturen.com\/home\/fr\/wp-json\/wp\/v2\/product_tag?post=29236"}],"curies":[{"name":"wp","href":"https:\/\/api.w.org\/{rel}","templated":true}]}}