{"id":29231,"date":"2026-02-05T03:52:24","date_gmt":"2026-02-05T02:52:24","guid":{"rendered":"https:\/\/nexturen.com\/home\/?post_type=product&#038;p=29231"},"modified":"2026-02-05T04:05:15","modified_gmt":"2026-02-05T03:05:15","slug":"gala-code-01-porte-elegante-au-design-en-bois-naturel","status":"publish","type":"product","link":"https:\/\/nexturen.com\/home\/fr\/produit\/gala-code-01-porte-elegante-au-design-en-bois-naturel\/","title":{"rendered":"Mirawood (Code 02)\u00a0: Porte \u00e9l\u00e9gante au design en bois fonc\u00e9"},"content":{"rendered":"<h2 data-start=\"1478\" data-end=\"1537\">Mirawood (Code 02)\u00a0: Porte \u00e9l\u00e9gante au design en bois fonc\u00e9<\/h2>\n<p data-start=\"1538\" data-end=\"1769\">Mirawood est une porte contemporaine et raffin\u00e9e, con\u00e7ue pour ceux qui recherchent un style int\u00e9rieur audacieux et sophistiqu\u00e9. Sa finition en bois fonc\u00e9, profonde et uniforme, cr\u00e9e une atmosph\u00e8re \u00e9l\u00e9gante et enveloppante, id\u00e9ale pour les espaces minimalistes modernes.<\/p>\n<h3 data-start=\"1771\" data-end=\"1789\">Caract\u00e9ristiques principales<\/h3>\n<ul data-start=\"1790\" data-end=\"2223\">\n<li data-start=\"1790\" data-end=\"1908\">\n<p data-start=\"1792\" data-end=\"1908\"><strong data-start=\"1792\" data-end=\"1819\">Style audacieux et raffin\u00e9\u00a0:<\/strong> Sa teinte brun fonc\u00e9 offre une esth\u00e9tique saisissante, parfaite pour les int\u00e9rieurs contemporains.<\/p>\n<\/li>\n<li data-start=\"1909\" data-end=\"1997\">\n<p data-start=\"1911\" data-end=\"1997\"><strong data-start=\"1911\" data-end=\"1931\">Finition textur\u00e9e :<\/strong> Une surface naturellement rugueuse qui ajoute authenticit\u00e9 et caract\u00e8re.<\/p>\n<\/li>\n<li data-start=\"1998\" data-end=\"2096\">\n<p data-start=\"2000\" data-end=\"2096\"><strong data-start=\"2000\" data-end=\"2033\">Un design naturel et authentique :<\/strong> Les subtiles veines du bois ajoutent de la profondeur et du caract\u00e8re unique \u00e0 chaque porte.<\/p>\n<\/li>\n<li data-start=\"2097\" data-end=\"2223\">\n<p data-start=\"2099\" data-end=\"2223\"><strong data-start=\"2099\" data-end=\"2126\">Polyvalence d\u00e9corative :<\/strong> Convient aussi bien aux espaces modernes qu&#039;aux int\u00e9rieurs classiques r\u00e9interpr\u00e9t\u00e9s avec une touche contemporaine.<\/p>\n<\/li>\n<\/ul>\n<h3 data-start=\"2225\" data-end=\"2250\">Pourquoi choisir Mirawood ?<\/h3>\n<p data-start=\"2251\" data-end=\"2393\">Mirawood n&#039;est pas qu&#039;une simple porte, c&#039;est une affirmation de design qui d\u00e9finit l&#039;ambiance de la pi\u00e8ce, alliant \u00e9l\u00e9gance, chaleur et sophistication moderne.<\/p>","protected":false},"excerpt":{"rendered":"<p>Mirawood (Code 02)\u00a0: Porte \u00e9l\u00e9gante en bois fonc\u00e9. Mirawood est une porte contemporaine et raffin\u00e9e con\u00e7ue pour ceux qui\u2026<\/p>","protected":false},"featured_media":29145,"comment_status":"open","ping_status":"closed","template":"","meta":[],"product_brand":[],"product_cat":[33],"product_tag":[],"class_list":{"0":"post-29231","1":"product","2":"type-product","3":"status-publish","4":"has-post-thumbnail","6":"product_cat-doors","8":"first","9":"instock","10":"featured","11":"shipping-taxable","12":"product-type-simple"},"_links":{"self":[{"href":"https:\/\/nexturen.com\/home\/fr\/wp-json\/wp\/v2\/product\/29231","targetHints":{"allow":["GET"]}}],"collection":[{"href":"https:\/\/nexturen.com\/home\/fr\/wp-json\/wp\/v2\/product"}],"about":[{"href":"https:\/\/nexturen.com\/home\/fr\/wp-json\/wp\/v2\/types\/product"}],"replies":[{"embeddable":true,"href":"https:\/\/nexturen.com\/home\/fr\/wp-json\/wp\/v2\/comments?post=29231"}],"version-history":[{"count":4,"href":"https:\/\/nexturen.com\/home\/fr\/wp-json\/wp\/v2\/product\/29231\/revisions"}],"predecessor-version":[{"id":29235,"href":"https:\/\/nexturen.com\/home\/fr\/wp-json\/wp\/v2\/product\/29231\/revisions\/29235"}],"wp:featuredmedia":[{"embeddable":true,"href":"https:\/\/nexturen.com\/home\/fr\/wp-json\/wp\/v2\/media\/29145"}],"wp:attachment":[{"href":"https:\/\/nexturen.com\/home\/fr\/wp-json\/wp\/v2\/media?parent=29231"}],"wp:term":[{"taxonomy":"product_brand","embeddable":true,"href":"https:\/\/nexturen.com\/home\/fr\/wp-json\/wp\/v2\/product_brand?post=29231"},{"taxonomy":"product_cat","embeddable":true,"href":"https:\/\/nexturen.com\/home\/fr\/wp-json\/wp\/v2\/product_cat?post=29231"},{"taxonomy":"product_tag","embeddable":true,"href":"https:\/\/nexturen.com\/home\/fr\/wp-json\/wp\/v2\/product_tag?post=29231"}],"curies":[{"name":"wp","href":"https:\/\/api.w.org\/{rel}","templated":true}]}}