{"id":29197,"date":"2026-02-02T02:47:28","date_gmt":"2026-02-02T01:47:28","guid":{"rendered":"https:\/\/nexturen.com\/home\/?page_id=29197"},"modified":"2026-02-23T20:07:45","modified_gmt":"2026-02-23T19:07:45","slug":"windows-production","status":"publish","type":"page","link":"https:\/\/nexturen.com\/home\/fr\/windows-production\/","title":{"rendered":"Production Windows"},"content":{"rendered":"<div data-elementor-type=\"wp-page\" data-elementor-id=\"29197\" class=\"elementor elementor-29197\">\n\t\t\t\t<div class=\"wd-negative-gap elementor-element elementor-element-e43e459 e-flex e-con-boxed e-con e-parent\" data-id=\"e43e459\" data-element_type=\"container\" data-e-type=\"container\">\n\t\t\t\t\t<div class=\"e-con-inner\">\n\t\t<div class=\"elementor-element elementor-element-eb2638b e-con-full e-flex e-con e-child\" data-id=\"eb2638b\" data-element_type=\"container\" data-e-type=\"container\">\n\t\t\t\t<div class=\"elementor-element elementor-element-6e4e052 wd_scroll_y_0 wd-parallax-on-scroll wd_scroll_x_-30 wd_scroll_smoothness_30 elementor-widget elementor-widget-wd_image_or_svg\" data-id=\"6e4e052\" data-element_type=\"widget\" data-e-type=\"widget\" data-widget_type=\"wd_image_or_svg.default\">\n\t\t\t\t<div class=\"elementor-widget-container\">\n\t\t\t\t\t\n\t\t<div class=\"wd-image text-center\">\n\t\t\t\t\t\t\t\t<img loading=\"lazy\" decoding=\"async\" width=\"436\" height=\"609\" src=\"https:\/\/nexturen.com\/home\/wp-content\/uploads\/2026\/02\/54-e1769997309630.png\" class=\"attachment-full size-full\" alt=\"\" srcset=\"https:\/\/nexturen.com\/home\/wp-content\/uploads\/2026\/02\/54-e1769997309630.png 436w, https:\/\/nexturen.com\/home\/wp-content\/uploads\/2026\/02\/54-e1769997309630-215x300.png 215w, https:\/\/nexturen.com\/home\/wp-content\/uploads\/2026\/02\/54-e1769997309630-9x12.png 9w, https:\/\/nexturen.com\/home\/wp-content\/uploads\/2026\/02\/54-e1769997309630-430x601.png 430w, https:\/\/nexturen.com\/home\/wp-content\/uploads\/2026\/02\/54-e1769997309630-150x210.png 150w\" sizes=\"auto, (max-width: 436px) 100vw, 436px\" \/>\t\t\t\t\t<\/div>\n\n\t\t\t\t\t\t<\/div>\n\t\t\t\t<\/div>\n\t\t\t\t<\/div>\n\t\t<div class=\"elementor-element elementor-element-7ed10c0 e-con-full e-flex e-con e-child\" data-id=\"7ed10c0\" data-element_type=\"container\" data-e-type=\"container\">\n\t\t\t\t<div class=\"elementor-element elementor-element-ee96e63 wd-width-100 elementor-widget elementor-widget-wd_title\" data-id=\"ee96e63\" data-element_type=\"widget\" data-e-type=\"widget\" data-widget_type=\"wd_title.default\">\n\t\t\t\t<div class=\"elementor-widget-container\">\n\t\t\t\t\t\t\t<div class=\"title-wrapper wd-set-mb reset-last-child wd-title-color-primary wd-title-style-default wd-title-size-large text-left\">\n\n\t\t\t\t\t\t\t\t\t\t\t<div class=\"title-subtitle subtitle-color-primary subtitle-style-default wd-fontsize-xs\">\n\t\t\t\t\t\ud83c\udfd7\ufe0f Comment na\u00eet une fen\u00eatre en PVC\t\t\t\t<\/div>\n\t\t\t\n\t\t\t<div class=\"liner-continer\">\n\t\t\t\t<h4 class=\"woodmart-title-container title wd-fontsize-xxl\">L&#039;art de la fabrication<\/h4> \n\t\t\t\t\t\t\t<\/div>\n\n\t\t\t\t\t\t\t<div class=\"title-after_title reset-last-child wd-fontsize-s\">\n\t\t\t\t\t<p><b>Derri\u00e8re chaque fen\u00eatre en PVC se cache un processus de fabrication pr\u00e9cis, alliant technologie de pointe, savoir-faire industriel et souci du d\u00e9tail. D\u00e9couvrez les \u00e9tapes qui transforment la mati\u00e8re premi\u00e8re en une solution performante pour votre maison.<\/b><\/p>\t\t\t\t<\/div>\n\t\t\t\t\t<\/div>\n\t\t\t\t\t\t<\/div>\n\t\t\t\t<\/div>\n\t\t\t\t<div class=\"elementor-element elementor-element-77dd93e elementor-widget elementor-widget-wd_text_block\" data-id=\"77dd93e\" data-element_type=\"widget\" data-e-type=\"widget\" data-widget_type=\"wd_text_block.default\">\n\t\t\t\t<div class=\"elementor-widget-container\">\n\t\t\t\t\t\t\t<div class=\"wd-text-block reset-last-child text-left\">\n\t\t\t\n\t\t\t<h2 data-path-to-node=\"37\">\ud83c\udfed Excellence industrielle<\/h2><p data-path-to-node=\"38\"><b data-path-to-node=\"38\" data-index-in-node=\"0\">Nexturen incarne l&#039;excellence industrielle en garantissant un \u00e9quilibre parfait entre qualit\u00e9 et valeur.<\/b><\/p><p data-path-to-node=\"39\">Gr\u00e2ce \u00e0 la production directe sur ses propres sites de fabrication de fen\u00eatres en PVC et de portes en WPC, la marque ma\u00eetrise l&#039;int\u00e9gralit\u00e9 de sa cha\u00eene de production. Cette int\u00e9gration totale permet \u00e0 Nexturen de garantir\u00a0:<\/p><ul data-path-to-node=\"40\"><li><p data-path-to-node=\"40,0,0\">\u2705 Des normes de qualit\u00e9 irr\u00e9prochables.<\/p><\/li><li><p data-path-to-node=\"40,1,0\">\u2705 Finitions haut de gamme.<\/p><\/li><li><p data-path-to-node=\"40,2,0\">\u2705 Performance durable.<\/p><\/li><li><p data-path-to-node=\"40,3,0\">\u2705 Une solution \u00e0 forte valeur ajout\u00e9e, synonyme de fiabilit\u00e9.<\/p><\/li><\/ul>\n\t\t\t\t\t<\/div>\n\t\t\t\t\t\t<\/div>\n\t\t\t\t<\/div>\n\t\t\t\t<\/div>\n\t\t\t\t\t<\/div>\n\t\t\t\t<\/div>\n\t\t<div class=\"wd-negative-gap elementor-element elementor-element-4de3b1d wd-section-stretch e-flex e-con-boxed e-con e-parent\" data-id=\"4de3b1d\" data-element_type=\"container\" data-e-type=\"container\" data-settings=\"{&quot;background_background&quot;:&quot;classic&quot;}\">\n\t\t\t\t\t<div class=\"e-con-inner\">\n\t\t\t\t<div class=\"elementor-element elementor-element-8d7acf9 wd-width-100 elementor-widget elementor-widget-wd_title\" data-id=\"8d7acf9\" data-element_type=\"widget\" data-e-type=\"widget\" data-widget_type=\"wd_title.default\">\n\t\t\t\t<div class=\"elementor-widget-container\">\n\t\t\t\t\t\t\t<div class=\"title-wrapper wd-set-mb reset-last-child wd-title-color-primary wd-title-style-simple wd-title-size-default text-center\">\n\n\t\t\t\n\t\t\t<div class=\"liner-continer\">\n\t\t\t\t<h4 class=\"woodmart-title-container title wd-fontsize-l\">\ud83d\udd0d Les 5 \u00e9l\u00e9ments essentiels d&#039;une fen\u00eatre<\/h4> \n\t\t\t\t\t\t\t<\/div>\n\n\t\t\t\t\t\t\t<div class=\"title-after_title reset-last-child wd-fontsize-xs\">\n\t\t\t\t\t<p>En r\u00e9sum\u00e9, une fen\u00eatre se compose de quatre \u00e9l\u00e9ments essentiels \u2014 le cadre, la quincaillerie, les vantaux et le vitrage \u2014 chacun contribuant \u00e0 la performance, \u00e0 la s\u00e9curit\u00e9 et au confort.<\/p>\t\t\t\t<\/div>\n\t\t\t\t\t<\/div>\n\t\t\t\t\t\t<\/div>\n\t\t\t\t<\/div>\n\t\t<div class=\"elementor-element elementor-element-25304c4 e-con-full e-flex e-con e-child\" data-id=\"25304c4\" data-element_type=\"container\" data-e-type=\"container\">\n\t\t<div class=\"elementor-element elementor-element-7146b1d e-con-full e-flex e-con e-child\" data-id=\"7146b1d\" data-element_type=\"container\" data-e-type=\"container\">\n\t\t\t\t<div class=\"elementor-element elementor-element-fe843cd elementor-widget elementor-widget-wd_infobox\" data-id=\"fe843cd\" data-element_type=\"widget\" data-e-type=\"widget\" data-widget_type=\"wd_infobox.default\">\n\t\t\t\t<div class=\"elementor-widget-container\">\n\t\t\t\t\t\t\t<div class=\"info-box-wrapper\">\n\t\t\t<div class=\"wd-info-box text-center box-icon-align-top box-style-bg-hover color-scheme-dark color-scheme-hover-light\">\n\t\t\t\t\n\t\t\t\t<div class=\"info-box-content\">\n\t\t\t\t\t\n\t\t\t\t\t\t\t\t\t\t\t<h4\t\t\t\t\t\tclass=\"info-box-title title box-title-style-default wd-fontsize-m\" data-elementor-setting-key=\"title\">\n\t\t\t\t\t\t\t\t\ud83d\uddbc\ufe0f Le cadre : la base de la protection\t\t\t\t\t\t<\/h4>\n\t\t\t\t\t\n\t\t\t\t\t<div class=\"info-box-inner reset-last-child\"data-elementor-setting-key=\"content\"><p data-path-to-node=\"22\">Le cadre, structure porteuse de la fen\u00eatre en PVC, est l&#039;\u00e9l\u00e9ment cl\u00e9 de sa protection contre les intemp\u00e9ries. Directement expos\u00e9 aux \u00e9l\u00e9ments, il est con\u00e7u pour garantir r\u00e9sistance, stabilit\u00e9 et durabilit\u00e9. Il s&#039;installe soit dans des ouvertures murales pr\u00e9vues \u00e0 cet effet, soit par-dessus un cadre existant lors d&#039;une r\u00e9novation, assurant ainsi une int\u00e9gration parfaite au b\u00e2timent.<\/p>\n<h3 data-path-to-node=\"23\">\u00a0<\/h3>\n<\/div>\n\n\t\t\t\t\t\t\t\t\t<\/div>\n\n\t\t\t\t\t\t\t\t\t<a href=\"#\" class=\"wd-info-box-link wd-fill\" aria-label=\"Lien vers l&#039;infobox\"><\/a>\n\t\t\t\t\t\t\t<\/div>\n\t\t<\/div>\n\t\t\t\t\t\t<\/div>\n\t\t\t\t<\/div>\n\t\t\t\t<\/div>\n\t\t<div class=\"elementor-element elementor-element-70cd885 e-con-full e-flex e-con e-child\" data-id=\"70cd885\" data-element_type=\"container\" data-e-type=\"container\">\n\t\t\t\t<div class=\"elementor-element elementor-element-83a2a32 elementor-widget elementor-widget-wd_infobox\" data-id=\"83a2a32\" data-element_type=\"widget\" data-e-type=\"widget\" data-widget_type=\"wd_infobox.default\">\n\t\t\t\t<div class=\"elementor-widget-container\">\n\t\t\t\t\t\t\t<div class=\"info-box-wrapper\">\n\t\t\t<div class=\"wd-info-box text-center box-icon-align-top box-style-bg-hover color-scheme-dark color-scheme-hover-light\">\n\t\t\t\t\n\t\t\t\t<div class=\"info-box-content\">\n\t\t\t\t\t\n\t\t\t\t\t\t\t\t\t\t\t<h4\t\t\t\t\t\tclass=\"info-box-title title box-title-style-default wd-fontsize-m\" data-elementor-setting-key=\"title\">\n\t\t\t\t\t\t\t\t\ud83d\udd12 Mat\u00e9riel : Pr\u00e9cision m\u00e9canique et s\u00e9curit\u00e9\t\t\t\t\t\t<\/h4>\n\t\t\t\t\t\n\t\t\t\t\t<div class=\"info-box-inner reset-last-child\"data-elementor-setting-key=\"content\"><p data-path-to-node=\"24\">La quincaillerie regroupe tous les m\u00e9canismes de fonctionnement de la fen\u00eatre. Situ\u00e9e sur les c\u00f4t\u00e9s des vantaux, elle permet une ouverture et une fermeture fluides tout en assurant un verrouillage s\u00fbr et fiable. Des composants de haute qualit\u00e9 sont indispensables pour garantir des performances optimales, une excellente r\u00e9sistance \u00e0 l&#039;usure et un haut niveau de s\u00e9curit\u00e9.<\/p>\n<h3 data-path-to-node=\"25\">\u00a0<\/h3>\n<\/div>\n\n\t\t\t\t\t\t\t\t\t<\/div>\n\n\t\t\t\t\t\t\t\t\t<a href=\"#\" class=\"wd-info-box-link wd-fill\" aria-label=\"Lien vers l&#039;infobox\"><\/a>\n\t\t\t\t\t\t\t<\/div>\n\t\t<\/div>\n\t\t\t\t\t\t<\/div>\n\t\t\t\t<\/div>\n\t\t\t\t<\/div>\n\t\t<div class=\"elementor-element elementor-element-bd9124b e-con-full e-flex e-con e-child\" data-id=\"bd9124b\" data-element_type=\"container\" data-e-type=\"container\">\n\t\t\t\t<div class=\"elementor-element elementor-element-6371bef elementor-widget elementor-widget-wd_infobox\" data-id=\"6371bef\" data-element_type=\"widget\" data-e-type=\"widget\" data-widget_type=\"wd_infobox.default\">\n\t\t\t\t<div class=\"elementor-widget-container\">\n\t\t\t\t\t\t\t<div class=\"info-box-wrapper\">\n\t\t\t<div class=\"wd-info-box text-center box-icon-align-top box-style-bg-hover color-scheme-dark color-scheme-hover-light\">\n\t\t\t\t\n\t\t\t\t<div class=\"info-box-content\">\n\t\t\t\t\t\n\t\t\t\t\t\t\t\t\t\t\t<h4\t\t\t\t\t\tclass=\"info-box-title title box-title-style-default wd-fontsize-m\" data-elementor-setting-key=\"title\">\n\t\t\t\t\t\t\t\t\ud83e\ude9f Les ceintures : Fonctionnalit\u00e9 au quotidien\t\t\t\t\t\t<\/h4>\n\t\t\t\t\t\n\t\t\t\t\t<div class=\"info-box-inner reset-last-child\"data-elementor-setting-key=\"content\"><p data-path-to-node=\"26\">Les vantaux sont les parties mobiles de la fen\u00eatre en PVC. Ils assurent une ventilation contr\u00f4l\u00e9e et une diffusion optimale de la lumi\u00e8re naturelle. Fix\u00e9s au cadre par des charni\u00e8res de pr\u00e9cision, ils sont \u00e9quip\u00e9s de joints p\u00e9riph\u00e9riques haute performance qui garantissent une \u00e9tanch\u00e9it\u00e9 parfaite \u00e0 l&#039;air et \u00e0 l&#039;eau.<\/p>\n<h3 data-path-to-node=\"27\">\u00a0<\/h3>\n<\/div>\n\n\t\t\t\t\t\t\t\t\t<\/div>\n\n\t\t\t\t\t\t\t\t\t<a href=\"#\" class=\"wd-info-box-link wd-fill\" aria-label=\"Lien vers l&#039;infobox\"><\/a>\n\t\t\t\t\t\t\t<\/div>\n\t\t<\/div>\n\t\t\t\t\t\t<\/div>\n\t\t\t\t<\/div>\n\t\t\t\t<\/div>\n\t\t\t\t<\/div>\n\t\t<div class=\"elementor-element elementor-element-bffde7b e-con-full e-flex e-con e-child\" data-id=\"bffde7b\" data-element_type=\"container\" data-e-type=\"container\">\n\t\t<div class=\"elementor-element elementor-element-4d3d481 e-con-full e-flex e-con e-child\" data-id=\"4d3d481\" data-element_type=\"container\" data-e-type=\"container\">\n\t\t\t\t<div class=\"elementor-element elementor-element-cac0e25 elementor-widget elementor-widget-wd_infobox\" data-id=\"cac0e25\" data-element_type=\"widget\" data-e-type=\"widget\" data-widget_type=\"wd_infobox.default\">\n\t\t\t\t<div class=\"elementor-widget-container\">\n\t\t\t\t\t\t\t<div class=\"info-box-wrapper\">\n\t\t\t<div class=\"wd-info-box text-center box-icon-align-top box-style-bg-hover color-scheme-dark color-scheme-hover-light\">\n\t\t\t\t\n\t\t\t\t<div class=\"info-box-content\">\n\t\t\t\t\t\n\t\t\t\t\t\t\t\t\t\t\t<h4\t\t\t\t\t\tclass=\"info-box-title title box-title-style-default wd-fontsize-m\" data-elementor-setting-key=\"title\">\n\t\t\t\t\t\t\t\t\u2744\ufe0f Vitrage : Performance thermique\t\t\t\t\t\t<\/h4>\n\t\t\t\t\t\n\t\t\t\t\t<div class=\"info-box-inner reset-last-child\"data-elementor-setting-key=\"content\"><p data-path-to-node=\"28\">Int\u00e9gr\u00e9 aux ch\u00e2ssis et maintenu en place par des parcloses, le vitrage joue un r\u00f4le essentiel dans l&#039;isolation et le confort. Selon les besoins sp\u00e9cifiques, diff\u00e9rentes solutions sont disponibles\u00a0: double vitrage, vitrage \u00e0 contr\u00f4le solaire, vitrage r\u00e9fl\u00e9chissant ou vitrage \u00e0 haute performance \u00e9nerg\u00e9tique.<\/p>\n<h3 data-path-to-node=\"29\">\u00a0<\/h3>\n<\/div>\n\n\t\t\t\t\t\t\t\t\t<\/div>\n\n\t\t\t\t\t\t\t\t\t<a href=\"#\" class=\"wd-info-box-link wd-fill\" aria-label=\"Lien vers l&#039;infobox\"><\/a>\n\t\t\t\t\t\t\t<\/div>\n\t\t<\/div>\n\t\t\t\t\t\t<\/div>\n\t\t\t\t<\/div>\n\t\t\t\t<\/div>\n\t\t<div class=\"elementor-element elementor-element-cde0b27 e-con-full e-flex e-con e-child\" data-id=\"cde0b27\" data-element_type=\"container\" data-e-type=\"container\">\n\t\t\t\t<div class=\"elementor-element elementor-element-e3ea711 elementor-widget elementor-widget-wd_infobox\" data-id=\"e3ea711\" data-element_type=\"widget\" data-e-type=\"widget\" data-widget_type=\"wd_infobox.default\">\n\t\t\t\t<div class=\"elementor-widget-container\">\n\t\t\t\t\t\t\t<div class=\"info-box-wrapper\">\n\t\t\t<div class=\"wd-info-box text-center box-icon-align-top box-style-bg-hover color-scheme-dark color-scheme-hover-light\">\n\t\t\t\t\n\t\t\t\t<div class=\"info-box-content\">\n\t\t\t\t\t\n\t\t\t\t\t\t\t\t\t\t\t<h4\t\t\t\t\t\tclass=\"info-box-title title box-title-style-default wd-fontsize-m\" data-elementor-setting-key=\"title\">\n\t\t\t\t\t\t\t\t\ud83d\udccf Pr\u00e9paration du profil : Pr\u00e9cision industrielle\t\t\t\t\t\t<\/h4>\n\t\t\t\t\t\n\t\t\t\t\t<div class=\"info-box-inner reset-last-child\"data-elementor-setting-key=\"content\"><p data-path-to-node=\"30\">Chaque profil\u00e9 est s\u00e9lectionn\u00e9 et pr\u00e9par\u00e9 avec soin avant l&#039;assemblage. Des machines de haute pr\u00e9cision r\u00e9alisent les per\u00e7ages et usinages n\u00e9cessaires \u00e0 l&#039;installation de la quincaillerie. Cette \u00e9tape garantit une structure finale robuste, performante et parfaitement fonctionnelle.<\/p>\n<\/div>\n\n\t\t\t\t\t\t\t\t\t<\/div>\n\n\t\t\t\t\t\t\t\t\t<a href=\"#\" class=\"wd-info-box-link wd-fill\" aria-label=\"Lien vers l&#039;infobox\"><\/a>\n\t\t\t\t\t\t\t<\/div>\n\t\t<\/div>\n\t\t\t\t\t\t<\/div>\n\t\t\t\t<\/div>\n\t\t\t\t<\/div>\n\t\t\t\t<\/div>\n\t\t\t\t\t<\/div>\n\t\t\t\t<\/div>\n\t\t<div class=\"wd-negative-gap elementor-element elementor-element-aec2ec0 e-flex e-con-boxed e-con e-parent\" data-id=\"aec2ec0\" data-element_type=\"container\" data-e-type=\"container\">\n\t\t\t\t\t<div class=\"e-con-inner\">\n\t\t<div class=\"elementor-element elementor-element-b9ebaa6 e-con-full e-flex e-con e-child\" data-id=\"b9ebaa6\" data-element_type=\"container\" data-e-type=\"container\">\n\t\t\t\t<div class=\"elementor-element elementor-element-b69b4b4 wd_scroll_y_0 wd-parallax-on-scroll wd_scroll_x_-30 wd_scroll_smoothness_30 elementor-widget elementor-widget-wd_image_or_svg\" data-id=\"b69b4b4\" data-element_type=\"widget\" data-e-type=\"widget\" data-widget_type=\"wd_image_or_svg.default\">\n\t\t\t\t<div class=\"elementor-widget-container\">\n\t\t\t\t\t\n\t\t<div class=\"wd-image text-center\">\n\t\t\t\t\t\t\t\t<img loading=\"lazy\" decoding=\"async\" width=\"653\" height=\"648\" src=\"https:\/\/nexturen.com\/home\/wp-content\/uploads\/2026\/02\/445-e1769994159596.png\" class=\"attachment-full size-full\" alt=\"\" srcset=\"https:\/\/nexturen.com\/home\/wp-content\/uploads\/2026\/02\/445-e1769994159596.png 653w, https:\/\/nexturen.com\/home\/wp-content\/uploads\/2026\/02\/445-e1769994159596-302x300.png 302w, https:\/\/nexturen.com\/home\/wp-content\/uploads\/2026\/02\/445-e1769994159596-150x149.png 150w, https:\/\/nexturen.com\/home\/wp-content\/uploads\/2026\/02\/445-e1769994159596-12x12.png 12w, https:\/\/nexturen.com\/home\/wp-content\/uploads\/2026\/02\/445-e1769994159596-430x427.png 430w\" sizes=\"auto, (max-width: 653px) 100vw, 653px\" \/>\t\t\t\t\t<\/div>\n\n\t\t\t\t\t\t<\/div>\n\t\t\t\t<\/div>\n\t\t\t\t<\/div>\n\t\t<div class=\"elementor-element elementor-element-236a9ba e-con-full e-flex e-con e-child\" data-id=\"236a9ba\" data-element_type=\"container\" data-e-type=\"container\">\n\t\t\t\t<div class=\"elementor-element elementor-element-97eb1f2 wd-width-100 elementor-widget elementor-widget-wd_title\" data-id=\"97eb1f2\" data-element_type=\"widget\" data-e-type=\"widget\" data-widget_type=\"wd_title.default\">\n\t\t\t\t<div class=\"elementor-widget-container\">\n\t\t\t\t\t\t\t<div class=\"title-wrapper wd-set-mb reset-last-child wd-title-color-primary wd-title-style-default wd-title-size-large text-left\">\n\n\t\t\t\t\t\t\t\t\t\t\t<div class=\"title-subtitle subtitle-color-primary subtitle-style-default wd-fontsize-xs\">\n\t\t\t\t\t\ud83e\udd1d Nexturen\t\t\t\t<\/div>\n\t\t\t\n\t\t\t<div class=\"liner-continer\">\n\t\t\t\t<h4 class=\"woodmart-title-container title wd-fontsize-xxl\">La technologie au service de votre bien-\u00eatre<\/h4> \n\t\t\t\t\t\t\t<\/div>\n\n\t\t\t\t\t\t\t<div class=\"title-after_title reset-last-child wd-fontsize-s\">\n\t\t\t\t\t<p>Nexturen propose des solutions standard et enti\u00e8rement personnalis\u00e9es, con\u00e7ues pour offrir une libert\u00e9 de choix absolue et un confort exceptionnel.<\/p>\t\t\t\t<\/div>\n\t\t\t\t\t<\/div>\n\t\t\t\t\t\t<\/div>\n\t\t\t\t<\/div>\n\t\t\t\t<div class=\"elementor-element elementor-element-0248648 elementor-widget elementor-widget-wd_text_block\" data-id=\"0248648\" data-element_type=\"widget\" data-e-type=\"widget\" data-widget_type=\"wd_text_block.default\">\n\t\t\t\t<div class=\"elementor-widget-container\">\n\t\t\t\t\t\t\t<div class=\"wd-text-block reset-last-child text-left\">\n\t\t\t\n\t\t\t<blockquote data-path-to-node=\"34\"><p data-path-to-node=\"34,0\"><b data-path-to-node=\"34,0\" data-index-in-node=\"0\">\" Protection, efficacit\u00e9 \u00e9nerg\u00e9tique, \u00e9l\u00e9gance intemporelle et qualit\u00e9 durable s&#039;unissent pour sublimer chaque espace de vie. \"<\/b><\/p><\/blockquote><p data-path-to-node=\"35\">Notre \u00e9quipe d&#039;experts vous accompagne avec soin et savoir-faire \u00e0 chaque \u00e9tape pour cr\u00e9er la solution id\u00e9ale, fid\u00e8le \u00e0 vos attentes et \u00e0 votre style de vie.<\/p>\n\t\t\t\t\t<\/div>\n\t\t\t\t\t\t<\/div>\n\t\t\t\t<\/div>\n\t\t\t\t<\/div>\n\t\t\t\t\t<\/div>\n\t\t\t\t<\/div>\n\t\t\t\t<\/div>","protected":false},"excerpt":{"rendered":"<p>\ud83c\udfd7\ufe0f How a PVC Window is Born The Art of Manufacturing Behind every PVC window lies a precise manufacturing process<\/p>","protected":false},"author":2,"featured_media":0,"parent":0,"menu_order":0,"comment_status":"closed","ping_status":"closed","template":"","meta":{"footnotes":""},"class_list":["post-29197","page","type-page","status-publish","hentry"],"_links":{"self":[{"href":"https:\/\/nexturen.com\/home\/fr\/wp-json\/wp\/v2\/pages\/29197","targetHints":{"allow":["GET"]}}],"collection":[{"href":"https:\/\/nexturen.com\/home\/fr\/wp-json\/wp\/v2\/pages"}],"about":[{"href":"https:\/\/nexturen.com\/home\/fr\/wp-json\/wp\/v2\/types\/page"}],"author":[{"embeddable":true,"href":"https:\/\/nexturen.com\/home\/fr\/wp-json\/wp\/v2\/users\/2"}],"replies":[{"embeddable":true,"href":"https:\/\/nexturen.com\/home\/fr\/wp-json\/wp\/v2\/comments?post=29197"}],"version-history":[{"count":8,"href":"https:\/\/nexturen.com\/home\/fr\/wp-json\/wp\/v2\/pages\/29197\/revisions"}],"predecessor-version":[{"id":29316,"href":"https:\/\/nexturen.com\/home\/fr\/wp-json\/wp\/v2\/pages\/29197\/revisions\/29316"}],"wp:attachment":[{"href":"https:\/\/nexturen.com\/home\/fr\/wp-json\/wp\/v2\/media?parent=29197"}],"curies":[{"name":"wp","href":"https:\/\/api.w.org\/{rel}","templated":true}]}}