{"id":29189,"date":"2026-02-02T02:31:44","date_gmt":"2026-02-02T01:31:44","guid":{"rendered":"https:\/\/nexturen.com\/home\/?page_id=29189"},"modified":"2026-02-23T20:03:12","modified_gmt":"2026-02-23T19:03:12","slug":"doors-production","status":"publish","type":"page","link":"https:\/\/nexturen.com\/home\/fr\/doors-production\/","title":{"rendered":"Production de portes"},"content":{"rendered":"<div data-elementor-type=\"wp-page\" data-elementor-id=\"29189\" class=\"elementor elementor-29189\">\n\t\t\t\t<div class=\"wd-negative-gap elementor-element elementor-element-01aec44 e-flex e-con-boxed e-con e-parent\" data-id=\"01aec44\" data-element_type=\"container\" data-e-type=\"container\">\n\t\t\t\t\t<div class=\"e-con-inner\">\n\t\t<div class=\"elementor-element elementor-element-103651b e-con-full e-flex e-con e-child\" data-id=\"103651b\" data-element_type=\"container\" data-e-type=\"container\">\n\t\t\t\t<div class=\"elementor-element elementor-element-d72f056 wd_scroll_y_0 wd-parallax-on-scroll wd_scroll_x_-30 wd_scroll_smoothness_30 elementor-widget elementor-widget-wd_image_or_svg\" data-id=\"d72f056\" data-element_type=\"widget\" data-e-type=\"widget\" data-widget_type=\"wd_image_or_svg.default\">\n\t\t\t\t<div class=\"elementor-widget-container\">\n\t\t\t\t\t\n\t\t<div class=\"wd-image text-center\">\n\t\t\t\t\t\t\t\t<img loading=\"lazy\" decoding=\"async\" width=\"502\" height=\"502\" src=\"https:\/\/nexturen.com\/home\/wp-content\/uploads\/2026\/02\/22-e1769996356241.png\" class=\"attachment-full size-full\" alt=\"\" srcset=\"https:\/\/nexturen.com\/home\/wp-content\/uploads\/2026\/02\/22-e1769996356241.png 502w, https:\/\/nexturen.com\/home\/wp-content\/uploads\/2026\/02\/22-e1769996356241-300x300.png 300w, https:\/\/nexturen.com\/home\/wp-content\/uploads\/2026\/02\/22-e1769996356241-150x150.png 150w, https:\/\/nexturen.com\/home\/wp-content\/uploads\/2026\/02\/22-e1769996356241-12x12.png 12w, https:\/\/nexturen.com\/home\/wp-content\/uploads\/2026\/02\/22-e1769996356241-430x430.png 430w\" sizes=\"auto, (max-width: 502px) 100vw, 502px\" \/>\t\t\t\t\t<\/div>\n\n\t\t\t\t\t\t<\/div>\n\t\t\t\t<\/div>\n\t\t\t\t<\/div>\n\t\t<div class=\"elementor-element elementor-element-feea1d6 e-con-full e-flex e-con e-child\" data-id=\"feea1d6\" data-element_type=\"container\" data-e-type=\"container\">\n\t\t\t\t<div class=\"elementor-element elementor-element-08a8c64 wd-width-100 elementor-widget elementor-widget-wd_title\" data-id=\"08a8c64\" data-element_type=\"widget\" data-e-type=\"widget\" data-widget_type=\"wd_title.default\">\n\t\t\t\t<div class=\"elementor-widget-container\">\n\t\t\t\t\t\t\t<div class=\"title-wrapper wd-set-mb reset-last-child wd-title-color-primary wd-title-style-default wd-title-size-large text-left\">\n\n\t\t\t\t\t\t\t\t\t\t\t<div class=\"title-subtitle subtitle-color-primary subtitle-style-default wd-fontsize-xs\">\n\t\t\t\t\t\ud83d\udee0\ufe0f Noyau technique\t\t\t\t<\/div>\n\t\t\t\n\t\t\t<div class=\"liner-continer\">\n\t\t\t\t<h4 class=\"woodmart-title-container title wd-fontsize-xxl\">Section des portes WPC<\/h4> \n\t\t\t\t\t\t\t<\/div>\n\n\t\t\t\t\t\t\t<div class=\"title-after_title reset-last-child wd-fontsize-s\">\n\t\t\t\t\t<p>La coupe transversale de nos portes r\u00e9v\u00e8le la v\u00e9ritable essence de l&#039;excellence Nexturen.<\/p>\t\t\t\t<\/div>\n\t\t\t\t\t<\/div>\n\t\t\t\t\t\t<\/div>\n\t\t\t\t<\/div>\n\t\t\t\t<div class=\"elementor-element elementor-element-8ece5d1 elementor-widget elementor-widget-wd_text_block\" data-id=\"8ece5d1\" data-element_type=\"widget\" data-e-type=\"widget\" data-widget_type=\"wd_text_block.default\">\n\t\t\t\t<div class=\"elementor-widget-container\">\n\t\t\t\t\t\t\t<div class=\"wd-text-block reset-last-child text-left\">\n\t\t\t\n\t\t\t<h3 data-path-to-node=\"15\"><b data-path-to-node=\"15\" data-index-in-node=\"0\">Con\u00e7u pour la robustesse<\/b><\/h3><ul data-path-to-node=\"16\"><li><p data-path-to-node=\"16,0,0\"><b data-path-to-node=\"16,0,0\" data-index-in-node=\"0\">Formule de qualit\u00e9 sup\u00e9rieure :<\/b> Nous travaillons exclusivement avec des formulations WPC certifi\u00e9es, reconnues internationalement pour leur fiabilit\u00e9 et leur s\u00e9curit\u00e9.<\/p><\/li><li><p data-path-to-node=\"16,1,0\"><b data-path-to-node=\"16,1,0\" data-index-in-node=\"0\">Sensation de solidit\u00e9 :<\/b> Avec un poids entre <b data-path-to-node=\"16,1,0\" data-index-in-node=\"34\">38 et 40 kg<\/b>, chaque porte incarne la densit\u00e9 et la qualit\u00e9 d&#039;une fabrication exceptionnelle.<\/p><\/li><li><p data-path-to-node=\"16,2,0\"><b data-path-to-node=\"16,2,0\" data-index-in-node=\"0\">Structure monobloc :<\/b> Contrairement aux alternatives creuses ou assembl\u00e9es, les panneaux de porte Nexturen WPC sont <b data-path-to-node=\"16,2,0\" data-index-in-node=\"90\">enti\u00e8rement extrud\u00e9 en une seule pi\u00e8ce<\/b> avec une \u00e9paisseur minimale de <b data-path-to-node=\"16,2,0\" data-index-in-node=\"151\">40 mm<\/b>.<\/p><\/li><\/ul><blockquote data-path-to-node=\"17\"><p data-path-to-node=\"17,0\"><b data-path-to-node=\"17,0\" data-index-in-node=\"0\">Le r\u00e9sultat :<\/b> Un produit d&#039;une densit\u00e9 remarquable, d&#039;une compacit\u00e9 parfaite et d&#039;une stabilit\u00e9 structurelle qui r\u00e9siste \u00e0 l&#039;\u00e9preuve du temps.<\/p><\/blockquote>\n\t\t\t\t\t<\/div>\n\t\t\t\t\t\t<\/div>\n\t\t\t\t<\/div>\n\t\t\t\t<\/div>\n\t\t\t\t\t<\/div>\n\t\t\t\t<\/div>\n\t\t<div class=\"wd-negative-gap elementor-element elementor-element-11a7341 wd-section-stretch e-flex e-con-boxed e-con e-parent\" data-id=\"11a7341\" data-element_type=\"container\" data-e-type=\"container\" data-settings=\"{&quot;background_background&quot;:&quot;classic&quot;}\">\n\t\t\t\t\t<div class=\"e-con-inner\">\n\t\t\t\t<div class=\"elementor-element elementor-element-1dd522c wd-width-100 elementor-widget elementor-widget-wd_title\" data-id=\"1dd522c\" data-element_type=\"widget\" data-e-type=\"widget\" data-widget_type=\"wd_title.default\">\n\t\t\t\t<div class=\"elementor-widget-container\">\n\t\t\t\t\t\t\t<div class=\"title-wrapper wd-set-mb reset-last-child wd-title-color-primary wd-title-style-simple wd-title-size-default text-center\">\n\n\t\t\t\n\t\t\t<div class=\"liner-continer\">\n\t\t\t\t<h4 class=\"woodmart-title-container title wd-fontsize-l\">\ud83c\udfed La norme de production Nexturen<\/h4> \n\t\t\t\t\t\t\t<\/div>\n\n\t\t\t\t\t\t\t<div class=\"title-after_title reset-last-child wd-fontsize-xs\">\n\t\t\t\t\t<p>Chez Nexturen, l&#039;excellence n&#039;est pas qu&#039;une promesse\u00a0; elle est le fruit d&#039;un processus de production parfaitement ma\u00eetris\u00e9. Chaque porte est fabriqu\u00e9e selon des normes industrielles rigoureuses, gr\u00e2ce \u00e0 des technologies de pointe, un savoir-faire sp\u00e9cialis\u00e9 et un contr\u00f4le qualit\u00e9 strict \u00e0 chaque \u00e9tape.<\/p>\t\t\t\t<\/div>\n\t\t\t\t\t<\/div>\n\t\t\t\t\t\t<\/div>\n\t\t\t\t<\/div>\n\t\t<div class=\"elementor-element elementor-element-c026d62 e-con-full e-flex e-con e-child\" data-id=\"c026d62\" data-element_type=\"container\" data-e-type=\"container\">\n\t\t<div class=\"elementor-element elementor-element-bd3817c e-con-full e-flex e-con e-child\" data-id=\"bd3817c\" data-element_type=\"container\" data-e-type=\"container\">\n\t\t\t\t<div class=\"elementor-element elementor-element-64b5572 elementor-widget elementor-widget-wd_infobox\" data-id=\"64b5572\" data-element_type=\"widget\" data-e-type=\"widget\" data-widget_type=\"wd_infobox.default\">\n\t\t\t\t<div class=\"elementor-widget-container\">\n\t\t\t\t\t\t\t<div class=\"info-box-wrapper\">\n\t\t\t<div class=\"wd-info-box text-center box-icon-align-top box-style-bg-hover color-scheme-dark color-scheme-hover-light\">\n\t\t\t\t\n\t\t\t\t<div class=\"info-box-content\">\n\t\t\t\t\t\n\t\t\t\t\t\t\t\t\t\t\t<h4\t\t\t\t\t\tclass=\"info-box-title title box-title-style-default wd-fontsize-m\" data-elementor-setting-key=\"title\">\n\t\t\t\t\t\t\t\t\ud83e\uddea S\u00e9lection et pr\u00e9paration des mati\u00e8res premi\u00e8res\t\t\t\t\t\t<\/h4>\n\t\t\t\t\t\n\t\t\t\t\t<div class=\"info-box-inner reset-last-child\"data-elementor-setting-key=\"content\"><p>Nous s\u00e9lectionnons avec soin des mati\u00e8res premi\u00e8res de haute qualit\u00e9 r\u00e9pondant aux normes techniques et environnementales les plus strictes. Chaque composant fait l&#039;objet de contr\u00f4les pr\u00e9liminaires afin de garantir sa performance, sa stabilit\u00e9 et sa durabilit\u00e9.<\/p>\n<\/div>\n\n\t\t\t\t\t\t\t\t\t<\/div>\n\n\t\t\t\t\t\t\t\t\t<a href=\"#\" class=\"wd-info-box-link wd-fill\" aria-label=\"Lien vers l&#039;infobox\"><\/a>\n\t\t\t\t\t\t\t<\/div>\n\t\t<\/div>\n\t\t\t\t\t\t<\/div>\n\t\t\t\t<\/div>\n\t\t\t\t<div class=\"elementor-element elementor-element-6b96988 elementor-widget elementor-widget-wd_infobox\" data-id=\"6b96988\" data-element_type=\"widget\" data-e-type=\"widget\" data-widget_type=\"wd_infobox.default\">\n\t\t\t\t<div class=\"elementor-widget-container\">\n\t\t\t\t\t\t\t<div class=\"info-box-wrapper\">\n\t\t\t<div class=\"wd-info-box text-center box-icon-align-top box-style-bg-hover color-scheme-dark color-scheme-hover-light\">\n\t\t\t\t\n\t\t\t\t<div class=\"info-box-content\">\n\t\t\t\t\t\n\t\t\t\t\t\t\t\t\t\t\t<h4\t\t\t\t\t\tclass=\"info-box-title title box-title-style-default wd-fontsize-m\" data-elementor-setting-key=\"title\">\n\t\t\t\t\t\t\t\t\u2699\ufe0f Extrusion de pr\u00e9cision\t\t\t\t\t\t<\/h4>\n\t\t\t\t\t\n\t\t\t\t\t<div class=\"info-box-inner reset-last-child\"data-elementor-setting-key=\"content\"><p>Les mat\u00e9riaux sont transform\u00e9s gr\u00e2ce \u00e0 des lignes d&#039;extrusion de derni\u00e8re g\u00e9n\u00e9ration. Cette \u00e9tape cruciale garantit une structure homog\u00e8ne, une pr\u00e9cision dimensionnelle optimale et une r\u00e9sistance m\u00e9canique \u00e9lev\u00e9e.<\/p>\n<\/div>\n\n\t\t\t\t\t\t\t\t\t<\/div>\n\n\t\t\t\t\t\t\t\t\t<a href=\"#\" class=\"wd-info-box-link wd-fill\" aria-label=\"Lien vers l&#039;infobox\"><\/a>\n\t\t\t\t\t\t\t<\/div>\n\t\t<\/div>\n\t\t\t\t\t\t<\/div>\n\t\t\t\t<\/div>\n\t\t\t\t<\/div>\n\t\t<div class=\"elementor-element elementor-element-3c6d678 e-con-full e-flex e-con e-child\" data-id=\"3c6d678\" data-element_type=\"container\" data-e-type=\"container\">\n\t\t\t\t<div class=\"elementor-element elementor-element-c1d7641 elementor-widget elementor-widget-wd_infobox\" data-id=\"c1d7641\" data-element_type=\"widget\" data-e-type=\"widget\" data-widget_type=\"wd_infobox.default\">\n\t\t\t\t<div class=\"elementor-widget-container\">\n\t\t\t\t\t\t\t<div class=\"info-box-wrapper\">\n\t\t\t<div class=\"wd-info-box text-center box-icon-align-top box-style-bg-hover color-scheme-dark color-scheme-hover-light\">\n\t\t\t\t\n\t\t\t\t<div class=\"info-box-content\">\n\t\t\t\t\t\n\t\t\t\t\t\t\t\t\t\t\t<h4\t\t\t\t\t\tclass=\"info-box-title title box-title-style-default wd-fontsize-m\" data-elementor-setting-key=\"title\">\n\t\t\t\t\t\t\t\t\ud83c\udf9b\ufe0f Contr\u00f4le continu des processus\t\t\t\t\t\t<\/h4>\n\t\t\t\t\t\n\t\t\t\t\t<div class=\"info-box-inner reset-last-child\"data-elementor-setting-key=\"content\"><p>Tout au long du processus d&#039;extrusion, nos op\u00e9rateurs hautement qualifi\u00e9s surveillent en permanence les param\u00e8tres techniques (temp\u00e9rature, pression, densit\u00e9) en suivant les protocoles stricts de Nexturen afin de garantir une qualit\u00e9 constante et irr\u00e9prochable.<\/p>\n<\/div>\n\n\t\t\t\t\t\t\t\t\t<\/div>\n\n\t\t\t\t\t\t\t\t\t<a href=\"#\" class=\"wd-info-box-link wd-fill\" aria-label=\"Lien vers l&#039;infobox\"><\/a>\n\t\t\t\t\t\t\t<\/div>\n\t\t<\/div>\n\t\t\t\t\t\t<\/div>\n\t\t\t\t<\/div>\n\t\t\t\t<div class=\"elementor-element elementor-element-4067f18 elementor-widget elementor-widget-wd_infobox\" data-id=\"4067f18\" data-element_type=\"widget\" data-e-type=\"widget\" data-widget_type=\"wd_infobox.default\">\n\t\t\t\t<div class=\"elementor-widget-container\">\n\t\t\t\t\t\t\t<div class=\"info-box-wrapper\">\n\t\t\t<div class=\"wd-info-box text-center box-icon-align-top box-style-bg-hover color-scheme-dark color-scheme-hover-light\">\n\t\t\t\t\n\t\t\t\t<div class=\"info-box-content\">\n\t\t\t\t\t\n\t\t\t\t\t\t\t\t\t\t\t<h4\t\t\t\t\t\tclass=\"info-box-title title box-title-style-default wd-fontsize-m\" data-elementor-setting-key=\"title\">\n\t\t\t\t\t\t\t\t\ud83d\udcd0 D\u00e9coupe et pr\u00e9paration des composants\t\t\t\t\t\t<\/h4>\n\t\t\t\t\t\n\t\t\t\t\t<div class=\"info-box-inner reset-last-child\"data-elementor-setting-key=\"content\"><p>Les profil\u00e9s extrud\u00e9s sont coup\u00e9s aux dimensions voulues avec une pr\u00e9cision millim\u00e9trique et pr\u00e9par\u00e9s pour l&#039;assemblage. Chaque \u00e9l\u00e9ment est inspect\u00e9 afin de garantir un ajustement parfait au produit final.<\/p>\n<\/div>\n\n\t\t\t\t\t\t\t\t\t<\/div>\n\n\t\t\t\t\t\t\t\t\t<a href=\"#\" class=\"wd-info-box-link wd-fill\" aria-label=\"Lien vers l&#039;infobox\"><\/a>\n\t\t\t\t\t\t\t<\/div>\n\t\t<\/div>\n\t\t\t\t\t\t<\/div>\n\t\t\t\t<\/div>\n\t\t\t\t<\/div>\n\t\t<div class=\"elementor-element elementor-element-61c2123 e-con-full e-flex e-con e-child\" data-id=\"61c2123\" data-element_type=\"container\" data-e-type=\"container\">\n\t\t\t\t<div class=\"elementor-element elementor-element-9eb8dcf elementor-widget elementor-widget-wd_infobox\" data-id=\"9eb8dcf\" data-element_type=\"widget\" data-e-type=\"widget\" data-widget_type=\"wd_infobox.default\">\n\t\t\t\t<div class=\"elementor-widget-container\">\n\t\t\t\t\t\t\t<div class=\"info-box-wrapper\">\n\t\t\t<div class=\"wd-info-box text-center box-icon-align-top box-style-bg-hover color-scheme-dark color-scheme-hover-light\">\n\t\t\t\t\n\t\t\t\t<div class=\"info-box-content\">\n\t\t\t\t\t\n\t\t\t\t\t\t\t\t\t\t\t<h4\t\t\t\t\t\tclass=\"info-box-title title box-title-style-default wd-fontsize-m\" data-elementor-setting-key=\"title\">\n\t\t\t\t\t\t\t\t\u2705 Finition et inspection finale\t\t\t\t\t\t<\/h4>\n\t\t\t\t\t\n\t\t\t\t\t<div class=\"info-box-inner reset-last-child\"data-elementor-setting-key=\"content\"><p>Chaque porte Nexturen fait l&#039;objet d&#039;un contr\u00f4le qualit\u00e9 final rigoureux portant sur l&#039;esth\u00e9tique, la fonctionnalit\u00e9 et les performances techniques. Les finitions sont r\u00e9alis\u00e9es avec un souci du d\u00e9tail, garantissant un r\u00e9sultat haut de gamme.<\/p>\n<\/div>\n\n\t\t\t\t\t\t\t\t\t<\/div>\n\n\t\t\t\t\t\t\t\t\t<a href=\"#\" class=\"wd-info-box-link wd-fill\" aria-label=\"Lien vers l&#039;infobox\"><\/a>\n\t\t\t\t\t\t\t<\/div>\n\t\t<\/div>\n\t\t\t\t\t\t<\/div>\n\t\t\t\t<\/div>\n\t\t\t\t<div class=\"elementor-element elementor-element-5f921a3 elementor-widget elementor-widget-wd_infobox\" data-id=\"5f921a3\" data-element_type=\"widget\" data-e-type=\"widget\" data-widget_type=\"wd_infobox.default\">\n\t\t\t\t<div class=\"elementor-widget-container\">\n\t\t\t\t\t\t\t<div class=\"info-box-wrapper\">\n\t\t\t<div class=\"wd-info-box text-center box-icon-align-top box-style-bg-hover color-scheme-dark color-scheme-hover-light\">\n\t\t\t\t\n\t\t\t\t<div class=\"info-box-content\">\n\t\t\t\t\t\n\t\t\t\t\t\t\t\t\t\t\t<h4\t\t\t\t\t\tclass=\"info-box-title title box-title-style-default wd-fontsize-m\" data-elementor-setting-key=\"title\">\n\t\t\t\t\t\t\t\t\ud83d\udce6 Emballage et livraison\t\t\t\t\t\t<\/h4>\n\t\t\t\t\t\n\t\t\t\t\t<div class=\"info-box-inner reset-last-child\"data-elementor-setting-key=\"content\"><p data-path-to-node=\"11\">Les produits finis sont soigneusement emball\u00e9s afin de garantir une protection optimale pendant le transport, assurant ainsi leur arriv\u00e9e en parfait \u00e9tat sur le lieu d&#039;installation.<\/p>\n<\/div>\n\n\t\t\t\t\t\t\t\t\t<\/div>\n\n\t\t\t\t\t\t\t\t\t<a href=\"#\" class=\"wd-info-box-link wd-fill\" aria-label=\"Lien vers l&#039;infobox\"><\/a>\n\t\t\t\t\t\t\t<\/div>\n\t\t<\/div>\n\t\t\t\t\t\t<\/div>\n\t\t\t\t<\/div>\n\t\t\t\t<\/div>\n\t\t\t\t<\/div>\n\t\t\t\t\t<\/div>\n\t\t\t\t<\/div>\n\t\t<div class=\"wd-negative-gap elementor-element elementor-element-afb9bbd e-flex e-con-boxed e-con e-parent\" data-id=\"afb9bbd\" data-element_type=\"container\" data-e-type=\"container\">\n\t\t\t\t\t<div class=\"e-con-inner\">\n\t\t<div class=\"elementor-element elementor-element-d04796f e-con-full e-flex e-con e-child\" data-id=\"d04796f\" data-element_type=\"container\" data-e-type=\"container\">\n\t\t\t\t<div class=\"elementor-element elementor-element-90b5d32 wd_scroll_y_0 elementor-widget__width-initial wd-parallax-on-scroll wd_scroll_x_-30 wd_scroll_smoothness_30 elementor-widget elementor-widget-wd_image_or_svg\" data-id=\"90b5d32\" data-element_type=\"widget\" data-e-type=\"widget\" data-widget_type=\"wd_image_or_svg.default\">\n\t\t\t\t<div class=\"elementor-widget-container\">\n\t\t\t\t\t\n\t\t<div class=\"wd-image text-center\">\n\t\t\t\t\t\t\t\t<img loading=\"lazy\" decoding=\"async\" width=\"456\" height=\"467\" src=\"https:\/\/nexturen.com\/home\/wp-content\/uploads\/2026\/02\/e.png\" class=\"attachment-full size-full\" alt=\"\" srcset=\"https:\/\/nexturen.com\/home\/wp-content\/uploads\/2026\/02\/e.png 456w, https:\/\/nexturen.com\/home\/wp-content\/uploads\/2026\/02\/e-293x300.png 293w, https:\/\/nexturen.com\/home\/wp-content\/uploads\/2026\/02\/e-12x12.png 12w, https:\/\/nexturen.com\/home\/wp-content\/uploads\/2026\/02\/e-430x440.png 430w, https:\/\/nexturen.com\/home\/wp-content\/uploads\/2026\/02\/e-150x154.png 150w\" sizes=\"auto, (max-width: 456px) 100vw, 456px\" \/>\t\t\t\t\t<\/div>\n\n\t\t\t\t\t\t<\/div>\n\t\t\t\t<\/div>\n\t\t\t\t<\/div>\n\t\t<div class=\"elementor-element elementor-element-f9af387 e-con-full e-flex e-con e-child\" data-id=\"f9af387\" data-element_type=\"container\" data-e-type=\"container\">\n\t\t\t\t<div class=\"elementor-element elementor-element-484e621 elementor-widget elementor-widget-wd_text_block\" data-id=\"484e621\" data-element_type=\"widget\" data-e-type=\"widget\" data-widget_type=\"wd_text_block.default\">\n\t\t\t\t<div class=\"elementor-widget-container\">\n\t\t\t\t\t\t\t<div class=\"wd-text-block reset-last-child text-left\">\n\t\t\t\n\t\t\t<h2 data-path-to-node=\"20\"><span style=\"color: #000000;\"><strong>\ud83d\udcd0 Profils lat\u00e9raux et int\u00e9grit\u00e9 structurelle<\/strong><\/span><\/h2><p data-path-to-node=\"20\">Nos profils lat\u00e9raux sont con\u00e7us pour offrir une solidit\u00e9 structurelle optimale.<\/p><ul data-path-to-node=\"21\"><li><p data-path-to-node=\"21,0,0\"><b data-path-to-node=\"21,0,0\" data-index-in-node=\"0\">Qualit\u00e9 de conception :<\/b> Chaque profil met en lumi\u00e8re la pr\u00e9cision technique et la r\u00e9flexion conceptuelle.<\/p><\/li><li><p data-path-to-node=\"21,1,0\"><b data-path-to-node=\"21,1,0\" data-index-in-node=\"0\">Durabilit\u00e9:<\/b> Con\u00e7u pour maintenir des performances et une stabilit\u00e9 \u00e9lev\u00e9es pendant des d\u00e9cennies d&#039;utilisation.<\/p><\/li><li><p data-path-to-node=\"21,2,0\"><b data-path-to-node=\"21,2,0\" data-index-in-node=\"0\">Savoir-faire signature :<\/b> Ces sections t\u00e9moignent du souci du d\u00e9tail qui caract\u00e9rise la marque Nexturen.<\/p><\/li><\/ul>\n\t\t\t\t\t<\/div>\n\t\t\t\t\t\t<\/div>\n\t\t\t\t<\/div>\n\t\t\t\t<\/div>\n\t\t\t\t\t<\/div>\n\t\t\t\t<\/div>\n\t\t\t\t<\/div>","protected":false},"excerpt":{"rendered":"<p>\ud83d\udee0\ufe0f Technical Core The WPC Door Section The cross-section of our doors reveals the true essence of Nexturen excellence. Engineered<\/p>","protected":false},"author":2,"featured_media":0,"parent":0,"menu_order":0,"comment_status":"closed","ping_status":"closed","template":"","meta":{"footnotes":""},"class_list":["post-29189","page","type-page","status-publish","hentry"],"_links":{"self":[{"href":"https:\/\/nexturen.com\/home\/fr\/wp-json\/wp\/v2\/pages\/29189","targetHints":{"allow":["GET"]}}],"collection":[{"href":"https:\/\/nexturen.com\/home\/fr\/wp-json\/wp\/v2\/pages"}],"about":[{"href":"https:\/\/nexturen.com\/home\/fr\/wp-json\/wp\/v2\/types\/page"}],"author":[{"embeddable":true,"href":"https:\/\/nexturen.com\/home\/fr\/wp-json\/wp\/v2\/users\/2"}],"replies":[{"embeddable":true,"href":"https:\/\/nexturen.com\/home\/fr\/wp-json\/wp\/v2\/comments?post=29189"}],"version-history":[{"count":5,"href":"https:\/\/nexturen.com\/home\/fr\/wp-json\/wp\/v2\/pages\/29189\/revisions"}],"predecessor-version":[{"id":29308,"href":"https:\/\/nexturen.com\/home\/fr\/wp-json\/wp\/v2\/pages\/29189\/revisions\/29308"}],"wp:attachment":[{"href":"https:\/\/nexturen.com\/home\/fr\/wp-json\/wp\/v2\/media?parent=29189"}],"curies":[{"name":"wp","href":"https:\/\/api.w.org\/{rel}","templated":true}]}}